{"id":15,"date":"2022-10-23T12:17:08","date_gmt":"2022-10-23T10:17:08","guid":{"rendered":"https:\/\/inexsoa.com\/?page_id=15"},"modified":"2025-08-24T12:03:36","modified_gmt":"2025-08-24T10:03:36","slug":"conseils","status":"publish","type":"page","link":"https:\/\/inexsoa.com\/index.php\/conseils\/","title":{"rendered":"Conseils"},"content":{"rendered":"\t\t<div data-elementor-type=\"wp-page\" data-elementor-id=\"15\" class=\"elementor elementor-15\">\n\t\t\t\t\t\t\t\t\t<section class=\"elementor-section elementor-top-section elementor-element elementor-element-872ee85 elementor-section-boxed elementor-section-height-default elementor-section-height-default\" data-id=\"872ee85\" data-element_type=\"section\">\n\t\t\t\t\t\t<div class=\"elementor-container elementor-column-gap-default\">\n\t\t\t\t\t<div class=\"elementor-column elementor-col-100 elementor-top-column elementor-element elementor-element-5bafcee\" data-id=\"5bafcee\" data-element_type=\"column\">\n\t\t\t<div class=\"elementor-widget-wrap elementor-element-populated\">\n\t\t\t\t\t\t\t\t<div class=\"elementor-element elementor-element-129d495 elementor-widget elementor-widget-heading\" data-id=\"129d495\" data-element_type=\"widget\" data-widget_type=\"heading.default\">\n\t\t\t\t<div class=\"elementor-widget-container\">\n\t\t\t<style>\/*! elementor - v3.8.1 - 13-11-2022 *\/\n.elementor-heading-title{padding:0;margin:0;line-height:1}.elementor-widget-heading .elementor-heading-title[class*=elementor-size-]>a{color:inherit;font-size:inherit;line-height:inherit}.elementor-widget-heading .elementor-heading-title.elementor-size-small{font-size:15px}.elementor-widget-heading .elementor-heading-title.elementor-size-medium{font-size:19px}.elementor-widget-heading .elementor-heading-title.elementor-size-large{font-size:29px}.elementor-widget-heading .elementor-heading-title.elementor-size-xl{font-size:39px}.elementor-widget-heading .elementor-heading-title.elementor-size-xxl{font-size:59px}<\/style><h3 class=\"elementor-heading-title elementor-size-default\">Conseil en Entreprise<\/h3>\t\t<\/div>\n\t\t\t\t<\/div>\n\t\t\t\t\t<\/div>\n\t\t<\/div>\n\t\t\t\t\t\t\t<\/div>\n\t\t<\/section>\n\t\t\t\t<section class=\"elementor-section elementor-top-section elementor-element elementor-element-d561026 elementor-section-boxed elementor-section-height-default elementor-section-height-default\" data-id=\"d561026\" data-element_type=\"section\">\n\t\t\t\t\t\t<div class=\"elementor-container elementor-column-gap-default\">\n\t\t\t\t\t<div class=\"elementor-column elementor-col-100 elementor-top-column elementor-element elementor-element-871f1fd\" data-id=\"871f1fd\" data-element_type=\"column\">\n\t\t\t<div class=\"elementor-widget-wrap elementor-element-populated\">\n\t\t\t\t\t\t\t\t<div class=\"elementor-element elementor-element-3b2122e elementor-widget elementor-widget-heading\" data-id=\"3b2122e\" data-element_type=\"widget\" data-widget_type=\"heading.default\">\n\t\t\t\t<div class=\"elementor-widget-container\">\n\t\t\t<h4 class=\"elementor-heading-title elementor-size-default\">Aider les entreprises de mani\u00e8re active<\/h4>\t\t<\/div>\n\t\t\t\t<\/div>\n\t\t\t\t<div class=\"elementor-element elementor-element-0d4dd00 elementor-widget elementor-widget-text-editor\" data-id=\"0d4dd00\" data-element_type=\"widget\" data-widget_type=\"text-editor.default\">\n\t\t\t\t<div class=\"elementor-widget-container\">\n\t\t\t<style>\/*! elementor - v3.8.1 - 13-11-2022 *\/\n.elementor-widget-text-editor.elementor-drop-cap-view-stacked .elementor-drop-cap{background-color:#818a91;color:#fff}.elementor-widget-text-editor.elementor-drop-cap-view-framed .elementor-drop-cap{color:#818a91;border:3px solid;background-color:transparent}.elementor-widget-text-editor:not(.elementor-drop-cap-view-default) .elementor-drop-cap{margin-top:8px}.elementor-widget-text-editor:not(.elementor-drop-cap-view-default) .elementor-drop-cap-letter{width:1em;height:1em}.elementor-widget-text-editor .elementor-drop-cap{float:left;text-align:center;line-height:1;font-size:50px}.elementor-widget-text-editor .elementor-drop-cap-letter{display:inline-block}<\/style>\t\t\t\t<p>(Vous \u00eates press\u00e9? Lisez juste ce qui est en gras!)<\/p>\t\t\t\t\t\t<\/div>\n\t\t\t\t<\/div>\n\t\t\t\t<div class=\"elementor-element elementor-element-58bd84a elementor-widget elementor-widget-text-editor\" data-id=\"58bd84a\" data-element_type=\"widget\" data-widget_type=\"text-editor.default\">\n\t\t\t\t<div class=\"elementor-widget-container\">\n\t\t\t\t\t\t\t<p><strong style=\"font-style: inherit; color: var( --e-global-color-text ); font-family: var( --e-global-typography-text-font-family ), Sans-serif; background-color: var(--ast-global-color-5);\">La Formation c\u2019est la base<\/strong><span style=\"font-style: inherit; font-weight: inherit; color: var( --e-global-color-text ); font-family: var( --e-global-typography-text-font-family ), Sans-serif; background-color: var(--ast-global-color-5);\">,\u00a0mais ce qui est recherch\u00e9 par les industriels c\u2019est d\u2019avoir une \u00e9quipe de personnes qui portent l\u2019entreprise vers le succ\u00e8s. Chaque membre de l\u2019\u00e9quipe doit amener ses comp\u00e9tences au service du succ\u00e8s de l\u2019entreprise, c\u2019est pourquoi INEXSOA parle d\u2019excellence industrielle, port\u00e9 au quotidien par l\u2019am\u00e9lioration.<\/span><\/p><p>Comment convertir le savoir acquis en formation dans les actes de tous les jours ?<\/p><p>On trouve la r\u00e9ponse dans l\u2019attitude manag\u00e9riale et op\u00e9rationnelle de l\u2019\u00e9quipe. \u00ab\u00a0Le savoir \u00eatre\u00bb<\/p><p><strong>INEXSOA se concentre sur \u00ab\u00a0le savoir faire\u00a0\u00bb<\/strong>, pas celui d\u2019un m\u00e9tier technique ou d\u2019un savoir scientifique que souvent vous poss\u00e9dez d\u00e9j\u00e0, mais\u00a0<strong>celui qui consiste \u00e0\u00a0<u>mettre en \u0153uvre\u00a0<\/u>un savoir faire industriel<\/strong>, bas\u00e9 sur l\u2019am\u00e9lioration continue. Peu de chose se fait en un seul jour! Mais l\u2019\u00e9quipe, jours apr\u00e8s jours r\u00e9alise les progr\u00e8s qui projettent l\u2019entreprise en avant.<\/p><p>C\u2019est la capacit\u00e9 de changer, d\u2019entreprendre, de pers\u00e9v\u00e9rer et de progresser, qui fait l\u2019avenir industriel de l\u2019entreprise. Votre vitesse d\u2019\u00e9volution est primordiale.<\/p><p>Conscient des r\u00e9sistances aux changements et inspir\u00e9 par les \u00abBest Practices\u00bb nous proposons de mettre en \u0153uvre, avec vous, une d\u00e9marche d\u2019\u00e9volution industrielle rapide, efficace, avec votre \u00e9quipe.<\/p><p>Nous proposons de compl\u00e9ter la connaissance indispensable de vos \u00e9quipes et nous vous accompagnons dans la mise en action des plans d\u2019am\u00e9lioration. Nous cherchons \u00e0 vous rendre autonome rapidement sur votre chemin vers l\u2019Excellence Industrielle. Avez-vous travaill\u00e9 sur la Qualit\u00e9 totale? Sur le Lean? Sur l\u2019organisation et la Supply-Chain?\u00a0<strong>Il faut faire grandir votre action sur vos points faibles.<\/strong><\/p><p><strong>Demandez nous un audit!<\/strong><\/p><p>\u00a0<\/p>\t\t\t\t\t\t<\/div>\n\t\t\t\t<\/div>\n\t\t\t\t<section class=\"elementor-section elementor-inner-section elementor-element elementor-element-2c2365b elementor-section-boxed elementor-section-height-default elementor-section-height-default\" data-id=\"2c2365b\" data-element_type=\"section\">\n\t\t\t\t\t\t<div class=\"elementor-container elementor-column-gap-default\">\n\t\t\t\t\t<div class=\"elementor-column elementor-col-33 elementor-inner-column elementor-element elementor-element-c781952\" data-id=\"c781952\" data-element_type=\"column\">\n\t\t\t<div class=\"elementor-widget-wrap\">\n\t\t\t\t\t\t\t\t\t<\/div>\n\t\t<\/div>\n\t\t\t\t<div class=\"elementor-column elementor-col-33 elementor-inner-column elementor-element elementor-element-12b9153\" data-id=\"12b9153\" data-element_type=\"column\">\n\t\t\t<div class=\"elementor-widget-wrap\">\n\t\t\t\t\t\t\t\t\t<\/div>\n\t\t<\/div>\n\t\t\t\t<div class=\"elementor-column elementor-col-33 elementor-inner-column elementor-element elementor-element-9f0798a\" data-id=\"9f0798a\" data-element_type=\"column\">\n\t\t\t<div class=\"elementor-widget-wrap\">\n\t\t\t\t\t\t\t\t\t<\/div>\n\t\t<\/div>\n\t\t\t\t\t\t\t<\/div>\n\t\t<\/section>\n\t\t\t\t\t<\/div>\n\t\t<\/div>\n\t\t\t\t\t\t\t<\/div>\n\t\t<\/section>\n\t\t\t\t<section class=\"elementor-section elementor-top-section elementor-element elementor-element-f704039 elementor-section-boxed elementor-section-height-default elementor-section-height-default\" data-id=\"f704039\" data-element_type=\"section\">\n\t\t\t\t\t\t<div class=\"elementor-container elementor-column-gap-default\">\n\t\t\t\t\t<div class=\"elementor-column elementor-col-100 elementor-top-column elementor-element elementor-element-fae4b42\" data-id=\"fae4b42\" data-element_type=\"column\">\n\t\t\t<div class=\"elementor-widget-wrap elementor-element-populated\">\n\t\t\t\t\t\t\t\t<div class=\"elementor-element elementor-element-3d2c49c elementor-widget elementor-widget-heading\" data-id=\"3d2c49c\" data-element_type=\"widget\" data-widget_type=\"heading.default\">\n\t\t\t\t<div class=\"elementor-widget-container\">\n\t\t\t<h3 class=\"elementor-heading-title elementor-size-default\">La d\u00e9marche gestion de projet<\/h3>\t\t<\/div>\n\t\t\t\t<\/div>\n\t\t\t\t<div class=\"elementor-element elementor-element-bad322b elementor-widget elementor-widget-text-editor\" data-id=\"bad322b\" data-element_type=\"widget\" data-widget_type=\"text-editor.default\">\n\t\t\t\t<div class=\"elementor-widget-container\">\n\t\t\t\t\t\t\t<ul><li><span style=\"font-style: inherit; font-weight: inherit;\">L\u2019\u00e9tude pr\u00e9alable qui d\u00e9termine l\u2019int\u00e9r\u00eat du projet en termes d\u2019opportunit\u00e9, de strat\u00e9gie et de co\u00fbts<\/span><\/li><li>Le jalonnement du projet avec la d\u00e9signation de l\u2019\u00e9quipe projet, la d\u00e9finition des moyens et le budget<\/li><li>La phase d\u2019expression des besoins avec le p\u00e9rim\u00e8tre, les fonctions attendues, les contraintes et enjeux<\/li><li>La phase de validation des besoins avec les solutions fonctionnelles et techniques<\/li><li>Le planning pr\u00e9visionnels\u00a0 du d\u00e9veloppement jusqu\u2019\u00e0 la mise en \u0153uvre<\/li><li>La phase de conception, la MOE coordonne les travaux en accord avec la MOA<\/li><li>La phase de r\u00e9alisation avec lancement des chantiers et programmation des modules et syst\u00e8mes<\/li><li>La phase de d\u00e9finition de la strat\u00e9gie de test, des jeux de tests et v\u00e9rification des r\u00e9sultats<\/li><li>La phase de qualification apr\u00e8s v\u00e9rification et traitement des actions correctives<\/li><li>La phase de livraison au client, apr\u00e8s la pr\u00e9-production, qui devient propri\u00e9taire d\u2019application<\/li><li>La phase d\u2019exploitation sous responsabilit\u00e9 du client avec l\u2019appui de la MOA qui assure le SAV<\/li><\/ul><p>\u2713 MOA: Maitrise d\u2019OuvrAge<br \/>\u2713 <span style=\"font-size: 16px;\">MOE: Maitrise d\u2019\u0152uvre<\/span><\/p>\t\t\t\t\t\t<\/div>\n\t\t\t\t<\/div>\n\t\t\t\t\t<\/div>\n\t\t<\/div>\n\t\t\t\t\t\t\t<\/div>\n\t\t<\/section>\n\t\t\t\t<section class=\"elementor-section elementor-top-section elementor-element elementor-element-3b4a918 elementor-section-boxed elementor-section-height-default elementor-section-height-default\" data-id=\"3b4a918\" data-element_type=\"section\">\n\t\t\t\t\t\t<div class=\"elementor-container elementor-column-gap-default\">\n\t\t\t\t\t<div class=\"elementor-column elementor-col-100 elementor-top-column elementor-element elementor-element-7e4173f\" data-id=\"7e4173f\" data-element_type=\"column\">\n\t\t\t<div class=\"elementor-widget-wrap elementor-element-populated\">\n\t\t\t\t\t\t\t\t<div class=\"elementor-element elementor-element-6afc486 elementor-widget elementor-widget-heading\" data-id=\"6afc486\" data-element_type=\"widget\" data-widget_type=\"heading.default\">\n\t\t\t\t<div class=\"elementor-widget-container\">\n\t\t\t<h3 class=\"elementor-heading-title elementor-size-default\">L'accompagnement du changement<\/h3>\t\t<\/div>\n\t\t\t\t<\/div>\n\t\t\t\t<div class=\"elementor-element elementor-element-1a2f3ff elementor-widget elementor-widget-text-editor\" data-id=\"1a2f3ff\" data-element_type=\"widget\" data-widget_type=\"text-editor.default\">\n\t\t\t\t<div class=\"elementor-widget-container\">\n\t\t\t\t\t\t\t<ul><li><span style=\"font-style: inherit; font-weight: inherit;\">En partant de l\u2019existant, d\u00e9finir la cible r\u00e9pondant aux objectifs d\u2019am\u00e9lioration continue<\/span><\/li><li>Ces \u00e9volutions de processus entraine des changements dans l\u2019ex\u00e9cution des t\u00e2ches<\/li><li>Ces mutations n\u00e9cessitent un accompagnement pour mettre en place le processus reconfigur\u00e9<\/li><li>Cr\u00e9ation d\u2019un standard, valid\u00e9 par le client, essentiel pour v\u00e9rifier le changement apport\u00e9<\/li><\/ul>\t\t\t\t\t\t<\/div>\n\t\t\t\t<\/div>\n\t\t\t\t\t<\/div>\n\t\t<\/div>\n\t\t\t\t\t\t\t<\/div>\n\t\t<\/section>\n\t\t\t\t<section class=\"elementor-section elementor-top-section elementor-element elementor-element-da152c8 elementor-section-boxed elementor-section-height-default elementor-section-height-default\" data-id=\"da152c8\" data-element_type=\"section\">\n\t\t\t\t\t\t<div class=\"elementor-container elementor-column-gap-default\">\n\t\t\t\t\t<div class=\"elementor-column elementor-col-100 elementor-top-column elementor-element elementor-element-128d27a\" data-id=\"128d27a\" data-element_type=\"column\">\n\t\t\t<div class=\"elementor-widget-wrap elementor-element-populated\">\n\t\t\t\t\t\t\t\t<div class=\"elementor-element elementor-element-80089a5 elementor-widget elementor-widget-heading\" data-id=\"80089a5\" data-element_type=\"widget\" data-widget_type=\"heading.default\">\n\t\t\t\t<div class=\"elementor-widget-container\">\n\t\t\t<h3 class=\"elementor-heading-title elementor-size-default\">La conduite de chantiers<\/h3>\t\t<\/div>\n\t\t\t\t<\/div>\n\t\t\t\t<div class=\"elementor-element elementor-element-891ab55 elementor-widget elementor-widget-text-editor\" data-id=\"891ab55\" data-element_type=\"widget\" data-widget_type=\"text-editor.default\">\n\t\t\t\t<div class=\"elementor-widget-container\">\n\t\t\t\t\t\t\t<ul><li><b><span style=\"font-style: inherit;\"> Piloter et animer des chantiers d\u2019am\u00e9lioration pour les acteurs de la Supply Chain<\/span><\/b><ul><li><span style=\"font-size: 16px;\">Chantier LEAN<\/span><\/li><li><span style=\"font-size: 16px;\">Chantier Kaizen<\/span><\/li><li><span style=\"font-size: 16px;\">Workshop<\/span><\/li><\/ul><\/li><li><b> D\u00e9finir la cartographie des flux<\/b><ul><li>Analyse de d\u00e9roulement des flux physiques et d\u2019informations<\/li><li>MIFA\/VSM pour cartographier les diff\u00e9rents flux<\/li><\/ul><\/li><li><b style=\"font-style: inherit;\">L\u2019animation de groupe de travail pour<\/b><ul><li>l\u2019analyse les dysfonctionnements<\/li><li>la recherche des causes racines<\/li><li>la recherche de solutions<\/li><li>la d\u00e9finition de plan d\u2019actions pour mise en \u0153uvre\u00a0 des solutions<\/li><\/ul><\/li><li><b>D\u00e9crire les standards \u00e0 appliquer et v\u00e9rifier leur mise en \u0153uvre<\/b><\/li><\/ul>\t\t\t\t\t\t<\/div>\n\t\t\t\t<\/div>\n\t\t\t\t\t<\/div>\n\t\t<\/div>\n\t\t\t\t\t\t\t<\/div>\n\t\t<\/section>\n\t\t\t\t\t\t\t<\/div>\n\t\t","protected":false},"excerpt":{"rendered":"<p>Conseil en Entreprise Aider les entreprises de mani\u00e8re active (Vous \u00eates press\u00e9? Lisez juste ce qui est en gras!) La Formation c\u2019est la base,\u00a0mais ce qui est recherch\u00e9 par les industriels c\u2019est d\u2019avoir une \u00e9quipe de personnes qui portent l\u2019entreprise vers le succ\u00e8s. Chaque membre de l\u2019\u00e9quipe doit amener ses comp\u00e9tences au service du succ\u00e8s &hellip;<\/p>\n<p class=\"read-more\"> <a class=\"\" href=\"https:\/\/inexsoa.com\/index.php\/conseils\/\"> <span class=\"screen-reader-text\">Conseils<\/span> Lire la suite\u00a0\u00bb<\/a><\/p>\n","protected":false},"author":1,"featured_media":0,"parent":0,"menu_order":0,"comment_status":"closed","ping_status":"closed","template":"elementor_header_footer","meta":{"site-sidebar-layout":"default","site-content-layout":"default","ast-global-header-display":"","ast-main-header-display":"","ast-hfb-above-header-display":"","ast-hfb-below-header-display":"","ast-hfb-mobile-header-display":"","site-post-title":"","ast-breadcrumbs-content":"","ast-featured-img":"","footer-sml-layout":"","theme-transparent-header-meta":"","adv-header-id-meta":"","stick-header-meta":"","header-above-stick-meta":"","header-main-stick-meta":"","header-below-stick-meta":"","footnotes":""},"class_list":["post-15","page","type-page","status-publish","hentry"],"yoast_head":"<!-- This site is optimized with the Yoast SEO plugin v19.10 - https:\/\/yoast.com\/wordpress\/plugins\/seo\/ -->\n<title>Conseils - Inexsoa<\/title>\n<meta name=\"robots\" content=\"index, follow, max-snippet:-1, max-image-preview:large, max-video-preview:-1\" \/>\n<link rel=\"canonical\" href=\"https:\/\/inexsoa.com\/index.php\/conseils\/\" \/>\n<meta property=\"og:locale\" content=\"fr_FR\" \/>\n<meta property=\"og:type\" content=\"article\" \/>\n<meta property=\"og:title\" content=\"Conseils - Inexsoa\" \/>\n<meta property=\"og:description\" content=\"Conseil en Entreprise Aider les entreprises de mani\u00e8re active (Vous \u00eates press\u00e9? Lisez juste ce qui est en gras!) La Formation c\u2019est la base,\u00a0mais ce qui est recherch\u00e9 par les industriels c\u2019est d\u2019avoir une \u00e9quipe de personnes qui portent l\u2019entreprise vers le succ\u00e8s. Chaque membre de l\u2019\u00e9quipe doit amener ses comp\u00e9tences au service du succ\u00e8s &hellip; Conseils Lire la suite\u00a0\u00bb\" \/>\n<meta property=\"og:url\" content=\"https:\/\/inexsoa.com\/index.php\/conseils\/\" \/>\n<meta property=\"og:site_name\" content=\"Inexsoa\" \/>\n<meta property=\"article:modified_time\" content=\"2025-08-24T10:03:36+00:00\" \/>\n<meta name=\"twitter:card\" content=\"summary_large_image\" \/>\n<meta name=\"twitter:label1\" content=\"Dur\u00e9e de lecture estim\u00e9e\" \/>\n\t<meta name=\"twitter:data1\" content=\"3 minutes\" \/>\n<script type=\"application\/ld+json\" class=\"yoast-schema-graph\">{\"@context\":\"https:\/\/schema.org\",\"@graph\":[{\"@type\":\"WebPage\",\"@id\":\"https:\/\/inexsoa.com\/index.php\/conseils\/\",\"url\":\"https:\/\/inexsoa.com\/index.php\/conseils\/\",\"name\":\"Conseils - Inexsoa\",\"isPartOf\":{\"@id\":\"https:\/\/inexsoa.com\/#website\"},\"datePublished\":\"2022-10-23T10:17:08+00:00\",\"dateModified\":\"2025-08-24T10:03:36+00:00\",\"breadcrumb\":{\"@id\":\"https:\/\/inexsoa.com\/index.php\/conseils\/#breadcrumb\"},\"inLanguage\":\"fr-FR\",\"potentialAction\":[{\"@type\":\"ReadAction\",\"target\":[\"https:\/\/inexsoa.com\/index.php\/conseils\/\"]}]},{\"@type\":\"BreadcrumbList\",\"@id\":\"https:\/\/inexsoa.com\/index.php\/conseils\/#breadcrumb\",\"itemListElement\":[{\"@type\":\"ListItem\",\"position\":1,\"name\":\"Accueil\",\"item\":\"https:\/\/inexsoa.com\/\"},{\"@type\":\"ListItem\",\"position\":2,\"name\":\"Conseils\"}]},{\"@type\":\"WebSite\",\"@id\":\"https:\/\/inexsoa.com\/#website\",\"url\":\"https:\/\/inexsoa.com\/\",\"name\":\"Inexsoa\",\"description\":\"Formation &amp; Conseil en Entreprise sur l\u2019Excellence Industrielle\",\"publisher\":{\"@id\":\"https:\/\/inexsoa.com\/#organization\"},\"alternateName\":\"Autoentreprise Philippe MEDEMBLIK\",\"potentialAction\":[{\"@type\":\"SearchAction\",\"target\":{\"@type\":\"EntryPoint\",\"urlTemplate\":\"https:\/\/inexsoa.com\/?s={search_term_string}\"},\"query-input\":\"required name=search_term_string\"}],\"inLanguage\":\"fr-FR\"},{\"@type\":\"Organization\",\"@id\":\"https:\/\/inexsoa.com\/#organization\",\"name\":\"Inexsoa\",\"alternateName\":\"Autoentreprise Philippe MEDEMBLIK\",\"url\":\"https:\/\/inexsoa.com\/\",\"logo\":{\"@type\":\"ImageObject\",\"inLanguage\":\"fr-FR\",\"@id\":\"https:\/\/inexsoa.com\/#\/schema\/logo\/image\/\",\"url\":\"https:\/\/inexsoa.com\/wp-content\/uploads\/2022\/10\/LOGO-INEXSOA.png\",\"contentUrl\":\"https:\/\/inexsoa.com\/wp-content\/uploads\/2022\/10\/LOGO-INEXSOA.png\",\"width\":2495,\"height\":2485,\"caption\":\"Inexsoa\"},\"image\":{\"@id\":\"https:\/\/inexsoa.com\/#\/schema\/logo\/image\/\"}}]}<\/script>\n<!-- \/ Yoast SEO plugin. -->","yoast_head_json":{"title":"Conseils - Inexsoa","robots":{"index":"index","follow":"follow","max-snippet":"max-snippet:-1","max-image-preview":"max-image-preview:large","max-video-preview":"max-video-preview:-1"},"canonical":"https:\/\/inexsoa.com\/index.php\/conseils\/","og_locale":"fr_FR","og_type":"article","og_title":"Conseils - Inexsoa","og_description":"Conseil en Entreprise Aider les entreprises de mani\u00e8re active (Vous \u00eates press\u00e9? Lisez juste ce qui est en gras!) La Formation c\u2019est la base,\u00a0mais ce qui est recherch\u00e9 par les industriels c\u2019est d\u2019avoir une \u00e9quipe de personnes qui portent l\u2019entreprise vers le succ\u00e8s. Chaque membre de l\u2019\u00e9quipe doit amener ses comp\u00e9tences au service du succ\u00e8s &hellip; Conseils Lire la suite\u00a0\u00bb","og_url":"https:\/\/inexsoa.com\/index.php\/conseils\/","og_site_name":"Inexsoa","article_modified_time":"2025-08-24T10:03:36+00:00","twitter_card":"summary_large_image","twitter_misc":{"Dur\u00e9e de lecture estim\u00e9e":"3 minutes"},"schema":{"@context":"https:\/\/schema.org","@graph":[{"@type":"WebPage","@id":"https:\/\/inexsoa.com\/index.php\/conseils\/","url":"https:\/\/inexsoa.com\/index.php\/conseils\/","name":"Conseils - Inexsoa","isPartOf":{"@id":"https:\/\/inexsoa.com\/#website"},"datePublished":"2022-10-23T10:17:08+00:00","dateModified":"2025-08-24T10:03:36+00:00","breadcrumb":{"@id":"https:\/\/inexsoa.com\/index.php\/conseils\/#breadcrumb"},"inLanguage":"fr-FR","potentialAction":[{"@type":"ReadAction","target":["https:\/\/inexsoa.com\/index.php\/conseils\/"]}]},{"@type":"BreadcrumbList","@id":"https:\/\/inexsoa.com\/index.php\/conseils\/#breadcrumb","itemListElement":[{"@type":"ListItem","position":1,"name":"Accueil","item":"https:\/\/inexsoa.com\/"},{"@type":"ListItem","position":2,"name":"Conseils"}]},{"@type":"WebSite","@id":"https:\/\/inexsoa.com\/#website","url":"https:\/\/inexsoa.com\/","name":"Inexsoa","description":"Formation &amp; Conseil en Entreprise sur l\u2019Excellence Industrielle","publisher":{"@id":"https:\/\/inexsoa.com\/#organization"},"alternateName":"Autoentreprise Philippe MEDEMBLIK","potentialAction":[{"@type":"SearchAction","target":{"@type":"EntryPoint","urlTemplate":"https:\/\/inexsoa.com\/?s={search_term_string}"},"query-input":"required name=search_term_string"}],"inLanguage":"fr-FR"},{"@type":"Organization","@id":"https:\/\/inexsoa.com\/#organization","name":"Inexsoa","alternateName":"Autoentreprise Philippe MEDEMBLIK","url":"https:\/\/inexsoa.com\/","logo":{"@type":"ImageObject","inLanguage":"fr-FR","@id":"https:\/\/inexsoa.com\/#\/schema\/logo\/image\/","url":"https:\/\/inexsoa.com\/wp-content\/uploads\/2022\/10\/LOGO-INEXSOA.png","contentUrl":"https:\/\/inexsoa.com\/wp-content\/uploads\/2022\/10\/LOGO-INEXSOA.png","width":2495,"height":2485,"caption":"Inexsoa"},"image":{"@id":"https:\/\/inexsoa.com\/#\/schema\/logo\/image\/"}}]}},"_links":{"self":[{"href":"https:\/\/inexsoa.com\/index.php\/wp-json\/wp\/v2\/pages\/15","targetHints":{"allow":["GET"]}}],"collection":[{"href":"https:\/\/inexsoa.com\/index.php\/wp-json\/wp\/v2\/pages"}],"about":[{"href":"https:\/\/inexsoa.com\/index.php\/wp-json\/wp\/v2\/types\/page"}],"author":[{"embeddable":true,"href":"https:\/\/inexsoa.com\/index.php\/wp-json\/wp\/v2\/users\/1"}],"replies":[{"embeddable":true,"href":"https:\/\/inexsoa.com\/index.php\/wp-json\/wp\/v2\/comments?post=15"}],"version-history":[{"count":64,"href":"https:\/\/inexsoa.com\/index.php\/wp-json\/wp\/v2\/pages\/15\/revisions"}],"predecessor-version":[{"id":332,"href":"https:\/\/inexsoa.com\/index.php\/wp-json\/wp\/v2\/pages\/15\/revisions\/332"}],"wp:attachment":[{"href":"https:\/\/inexsoa.com\/index.php\/wp-json\/wp\/v2\/media?parent=15"}],"curies":[{"name":"wp","href":"https:\/\/api.w.org\/{rel}","templated":true}]}}